{"id":1168,"date":"2021-06-30T11:29:13","date_gmt":"2021-06-30T11:29:13","guid":{"rendered":"https:\/\/hectorlouis.com\/?page_id=1168"},"modified":"2025-05-03T05:08:26","modified_gmt":"2025-05-03T05:08:26","slug":"kruvasancorekler","status":"publish","type":"page","link":"https:\/\/hectorlouis.com\/?page_id=1168","title":{"rendered":"CROISSANT&#038;SANDWICH"},"content":{"rendered":"<div class=\"vce-row-container\" data-vce-boxed-width=\"true\"><div class=\"vce-row vce-row--col-gap-30 vce-row-equal-height vce-row-content--top\" id=\"el-5886298f\" data-vce-do-apply=\"all el-5886298f\"><div class=\"vce-row-content\" data-vce-element-content=\"true\"><div class=\"vce-col vce-col--md-auto vce-col--xs-1 vce-col--xs-last vce-col--xs-first vce-col--sm-last vce-col--sm-first vce-col--md-last vce-col--lg-last vce-col--xl-last vce-col--md-first vce-col--lg-first vce-col--xl-first\" id=\"el-b2e097c7\"><div class=\"vce-col-inner\" data-vce-do-apply=\"border margin background  el-b2e097c7\"><div class=\"vce-col-content\" data-vce-element-content=\"true\" data-vce-do-apply=\"padding el-b2e097c7\"><div class=\"vce-text-block\"><div class=\"vce-text-block-wrapper vce\" id=\"el-45f651d3\" data-vce-do-apply=\"all el-45f651d3\"><\/div><\/div><\/div><\/div><\/div><\/div><\/div><\/div><div class=\"vce-row-container\" data-vce-boxed-width=\"true\"><div class=\"vce-row vce-row--col-gap-30 vce-row-equal-height vce-row-content--top\" id=\"el-01ee2179\" data-vce-do-apply=\"all el-01ee2179\"><div class=\"vce-row-content\" data-vce-element-content=\"true\"><div class=\"vce-col vce-col--md-auto vce-col--xs-1 vce-col--xs-last vce-col--xs-first vce-col--sm-last vce-col--sm-first vce-col--md-last vce-col--lg-last vce-col--xl-last vce-col--md-first vce-col--lg-first vce-col--xl-first\" id=\"el-40e57679\"><div class=\"vce-col-inner\" data-vce-do-apply=\"border margin background  el-40e57679\"><div class=\"vce-col-content\" data-vce-element-content=\"true\" data-vce-do-apply=\"padding el-40e57679\"><div class=\"vce-text-block\"><div class=\"vce-text-block-wrapper vce\" id=\"el-b26c25d9\" data-vce-do-apply=\"all el-b26c25d9\" data-vce-animate=\"vce-o-animate--bounce\"><p><span style=\"font-size: 18pt; font-family: 'Spectral SC'; color: #ffffff;\"><strong><span style=\"font-style: normal;\">lou\u0131s cook\u0131e 135\u20ba<\/span><\/strong><\/span><\/p>\n<p><span style=\"font-size: 18pt; font-family: 'Spectral SC'; color: #ffffff;\"><strong><span style=\"font-style: normal;\">tereya\u011fl\u0131 KRUVASAN 180\u20ba<\/span><\/strong><\/span><\/p>\n<p><span style=\"font-size: 18pt; font-family: 'Spectral SC'; color: #ffffff;\"><strong><span style=\"font-style: normal;\">KA\u015eARLI KRUVASAN 230\u20ba<\/span><\/strong><\/span><\/p>\n<p><span style=\"font-size: 18pt; font-family: 'Spectral SC'; color: #ffffff;\"><strong><span style=\"font-style: normal;\">\u00c7\u0130KOLATA kruvasan 230\u20ba<\/span><\/strong><\/span><\/p>\n<p><span style=\"font-size: 18pt; font-family: 'Spectral SC'; color: #ffffff;\"><strong><span style=\"font-style: normal;\">\u00c7\u0130LEK MUZ \u00c7\u0130KOLATA KRUVASAN 300\u20ba<\/span><\/strong><\/span><\/p>\n<p><span style=\"color: #ffffff;\"><strong><span style=\"font-size: x-large;\"><span style=\"font-family: Spectral SC; font-size: x-large;\"><span style=\"font-size: 18pt;\">h\u0131nd\u0131 fume<\/span> <span style=\"font-size: 18pt;\">SANDWIC 250<span style=\"font-family: Spectral; font-size: x-large;\"><strong><span style=\"font-size: x-large;\"><span style=\"font-family: Spectral SC;\">\u20ba<\/span><\/span><\/strong><\/span><\/span><\/span><\/span><\/strong><\/span><\/p>\n<p><span style=\"font-family: inherit; font-weight: 400; font-style: normal; font-size: 12pt; color: #ffffff;\">(hindi f\u00fcme&nbsp;eti,labne peynir,chedar peynir,k\u00f6zlenmi\u015f kapya biber)<\/span><\/p>\n<p><span style=\"color: #ffffff;\"><strong><span style=\"font-size: x-large;\"><span style=\"font-family: Spectral SC; font-size: x-large;\"><span style=\"font-size: 18pt;\">DANA JAMBON SANDWIC 250<span style=\"font-family: Spectral; font-size: x-large;\"><strong><span style=\"font-family: Spectral SC;\">\u20ba<\/span><\/strong><\/span><\/span><\/span><\/span><\/strong><\/span><\/p>\n<p><span style=\"color: #ffffff;\">(dana jambon eti,tur\u015fu,ka\u015far peynir,mayonez)<\/span><\/p>\n<p><span style=\"color: #ffffff;\"><strong style=\"font-size: 21.333334px;\"><span style=\"font-family: 'Spectral SC'; font-style: normal;\">bagel ha\u015fa\u015fl\u0131 230\u20ba<\/span><\/strong><\/span><\/p>\n<p><span style=\"color: #ffffff;\">(cheadar,ka\u015far,d.jambon,roka,\u00f6zel sos,ceviz)<\/span><\/p>\n<p><span style=\"color: #ffffff;\"><strong style=\"font-size: 21.333334px;\"><span style=\"font-family: 'Spectral SC'; font-style: normal;\">bagel tah\u0131ll\u0131 220<\/span><\/strong><\/span><strong style=\"caret-color: #ffffff; color: #ffffff; font-size: 21.333334px;\"><span style=\"font-family: 'Spectral SC'; font-style: normal;\">\u20ba<\/span><\/strong><\/p>\n<p><span style=\"caret-color: #ffffff; color: #ffffff;\">(krem peynir,tur\u015fu,petso sos cheadar,ka\u015far,dil peynir)<\/span><\/p><\/div><\/div><\/div><\/div><\/div><\/div><\/div><\/div><div class=\"vce-row-container\" data-vce-boxed-width=\"true\"><div class=\"vce-row vce-row--col-gap-30 vce-row-equal-height vce-row-content--top\" id=\"el-dfb9b79e\" data-vce-do-apply=\"all el-dfb9b79e\"><div class=\"vce-row-content\" data-vce-element-content=\"true\"><div class=\"vce-col vce-col--md-auto vce-col--xs-1 vce-col--xs-last vce-col--xs-first vce-col--sm-last vce-col--sm-first vce-col--md-last vce-col--lg-last vce-col--xl-last vce-col--md-first vce-col--lg-first vce-col--xl-first\" id=\"el-7c7356d4\"><div class=\"vce-col-inner\" data-vce-do-apply=\"border margin background  el-7c7356d4\"><div class=\"vce-col-content\" data-vce-element-content=\"true\" data-vce-do-apply=\"padding el-7c7356d4\"><div class=\"vce-single-image-container vce-single-image--align-left\"><div class=\"vce vce-single-image-wrapper\" id=\"el-5f69e626\" data-vce-do-apply=\"all el-5f69e626\"><figure><div class=\"vce-single-image-inner vce-single-image--absolute\" style=\"padding-bottom: 66.601563%; width: 1024px;\"><img loading=\"lazy\" decoding=\"async\" class=\"vce-single-image\" width=\"1024\" height=\"682\" src=\"https:\/\/hectorlouis.com\/wp-content\/uploads\/2025\/05\/PHOTO-2022-07-01-13-51-05-1024x682.jpg\" srcset=\"https:\/\/hectorlouis.com\/wp-content\/uploads\/2025\/05\/PHOTO-2022-07-01-13-51-05-320x213.jpg 320w,https:\/\/hectorlouis.com\/wp-content\/uploads\/2025\/05\/PHOTO-2022-07-01-13-51-05-480x320.jpg 480w,https:\/\/hectorlouis.com\/wp-content\/uploads\/2025\/05\/PHOTO-2022-07-01-13-51-05-800x533.jpg 800w,https:\/\/hectorlouis.com\/wp-content\/uploads\/2025\/05\/PHOTO-2022-07-01-13-51-05-1024x682.jpg 1024w\" data-img-src=\"https:\/\/hectorlouis.com\/wp-content\/uploads\/2023\/09\/PHOTO-2022-07-01-13-51-05.jpg\" alt=\"\" title=\"PHOTO-2022-07-01-13-51-05\" \/><\/div><figcaption hidden=\"\"><\/figcaption><\/figure><\/div><\/div><div class=\"vce-single-image-container vce-single-image--align-left\"><div class=\"vce vce-single-image-wrapper\" id=\"el-2a903f8f\" data-vce-do-apply=\"all el-2a903f8f\"><figure><div class=\"vce-single-image-inner vce-single-image--absolute\" style=\"padding-bottom: 87.402344%; width: 1024px;\"><img loading=\"lazy\" decoding=\"async\" class=\"vce-single-image\" width=\"1024\" height=\"895\" src=\"https:\/\/hectorlouis.com\/wp-content\/uploads\/2025\/05\/IMG_2608-scaled-1024x895.jpeg\" srcset=\"https:\/\/hectorlouis.com\/wp-content\/uploads\/2025\/05\/IMG_2608-scaled-320x280.jpeg 320w,https:\/\/hectorlouis.com\/wp-content\/uploads\/2025\/05\/IMG_2608-scaled-480x420.jpeg 480w,https:\/\/hectorlouis.com\/wp-content\/uploads\/2025\/05\/IMG_2608-scaled-800x699.jpeg 800w,https:\/\/hectorlouis.com\/wp-content\/uploads\/2025\/05\/IMG_2608-scaled-1024x895.jpeg 1024w,https:\/\/hectorlouis.com\/wp-content\/uploads\/2025\/05\/IMG_2608-scaled-2048x1790.jpeg 2x\" data-img-src=\"https:\/\/hectorlouis.com\/wp-content\/uploads\/2023\/09\/IMG_2608-scaled.jpeg\" alt=\"\" title=\"IMG_2608\" \/><\/div><figcaption hidden=\"\"><\/figcaption><\/figure><\/div><\/div><\/div><\/div><\/div><\/div><\/div><\/div><div class=\"vce-row-container\" data-vce-boxed-width=\"true\"><div class=\"vce-row vce-row--col-gap-30 vce-row-equal-height vce-row-content--top\" id=\"el-49b6772b\" data-vce-do-apply=\"all el-49b6772b\"><div class=\"vce-row-content\" data-vce-element-content=\"true\"><div class=\"vce-col vce-col--md-auto vce-col--xs-1 vce-col--xs-last vce-col--xs-first vce-col--sm-last vce-col--sm-first vce-col--md-last vce-col--lg-last vce-col--xl-last vce-col--md-first vce-col--lg-first vce-col--xl-first\" id=\"el-a702ee81\"><div class=\"vce-col-inner\" data-vce-do-apply=\"border margin background  el-a702ee81\"><div class=\"vce-col-content\" data-vce-element-content=\"true\" data-vce-do-apply=\"padding el-a702ee81\"><div class=\"vce-single-image-container vce-single-image--align-left\"><div class=\"vce vce-single-image-wrapper\" id=\"el-a0641076\" data-vce-do-apply=\"all el-a0641076\"><figure><div class=\"vce-single-image-inner vce-single-image--absolute\" style=\"padding-bottom: 66.529492%; width: 729px;\"><img loading=\"lazy\" decoding=\"async\" class=\"vce-single-image\" width=\"729\" height=\"485\" src=\"https:\/\/hectorlouis.com\/wp-content\/uploads\/2025\/05\/PHOTO-2022-09-02-19-09-24-729x485.jpg\" srcset=\"https:\/\/hectorlouis.com\/wp-content\/uploads\/2025\/05\/PHOTO-2022-09-02-19-09-24-320x213.jpg 320w,https:\/\/hectorlouis.com\/wp-content\/uploads\/2025\/05\/PHOTO-2022-09-02-19-09-24-480x319.jpg 480w,https:\/\/hectorlouis.com\/wp-content\/uploads\/2025\/05\/PHOTO-2022-09-02-19-09-24-729x485.jpg 729w\" data-img-src=\"https:\/\/hectorlouis.com\/wp-content\/uploads\/2023\/09\/PHOTO-2022-09-02-19-09-24.jpg\" alt=\"\" title=\"PHOTO-2022-09-02-19-09-24\" \/><\/div><figcaption hidden=\"\"><\/figcaption><\/figure><\/div><\/div><\/div><\/div><\/div><\/div><\/div><\/div><div class=\"vce-row-container\" data-vce-boxed-width=\"true\"><div class=\"vce-row vce-row--col-gap-30 vce-row-equal-height vce-row-content--top\" id=\"el-6b6cbc64\" data-vce-do-apply=\"all el-6b6cbc64\"><div class=\"vce-row-content\" data-vce-element-content=\"true\"><div class=\"vce-col vce-col--md-auto vce-col--xs-1 vce-col--xs-last vce-col--xs-first vce-col--sm-last vce-col--sm-first vce-col--md-last vce-col--lg-last vce-col--xl-last vce-col--md-first vce-col--lg-first vce-col--xl-first\" id=\"el-74cf3d24\"><div class=\"vce-col-inner\" data-vce-do-apply=\"border margin background  el-74cf3d24\"><div class=\"vce-col-content\" data-vce-element-content=\"true\" data-vce-do-apply=\"padding el-74cf3d24\"><div class=\"vce-single-image-container vce-single-image--align-left\"><div class=\"vce vce-single-image-wrapper\" id=\"el-1c728440\" data-vce-do-apply=\"all el-1c728440\"><figure><div class=\"vce-single-image-inner vce-single-image--absolute\" style=\"padding-bottom: 51.660156%; width: 1024px;\"><img loading=\"lazy\" decoding=\"async\" class=\"vce-single-image\" width=\"1024\" height=\"529\" src=\"https:\/\/hectorlouis.com\/wp-content\/uploads\/2025\/05\/IMG_2559-scaled-1024x529.jpeg\" srcset=\"https:\/\/hectorlouis.com\/wp-content\/uploads\/2025\/05\/IMG_2559-scaled-320x165.jpeg 320w,https:\/\/hectorlouis.com\/wp-content\/uploads\/2025\/05\/IMG_2559-scaled-480x248.jpeg 480w,https:\/\/hectorlouis.com\/wp-content\/uploads\/2025\/05\/IMG_2559-scaled-800x413.jpeg 800w,https:\/\/hectorlouis.com\/wp-content\/uploads\/2025\/05\/IMG_2559-scaled-1024x529.jpeg 1024w,https:\/\/hectorlouis.com\/wp-content\/uploads\/2025\/05\/IMG_2559-scaled-2048x1058.jpeg 2x\" data-img-src=\"https:\/\/hectorlouis.com\/wp-content\/uploads\/2023\/09\/IMG_2559-scaled.jpeg\" alt=\"\" title=\"IMG_2559\" \/><\/div><figcaption hidden=\"\"><\/figcaption><\/figure><\/div><\/div><\/div><\/div><\/div><\/div><\/div><\/div><div class=\"vce-row-container\" data-vce-boxed-width=\"true\"><div class=\"vce-row vce-row--col-gap-30 vce-row-equal-height vce-row-content--top\" id=\"el-a03ae9e7\" data-vce-do-apply=\"all el-a03ae9e7\"><div class=\"vce-row-content\" data-vce-element-content=\"true\"><div class=\"vce-col vce-col--md-auto vce-col--xs-1 vce-col--xs-last vce-col--xs-first vce-col--sm-last vce-col--sm-first vce-col--md-last vce-col--lg-last vce-col--xl-last vce-col--md-first vce-col--lg-first vce-col--xl-first\" id=\"el-7bbdfa50\"><div class=\"vce-col-inner\" data-vce-do-apply=\"border margin background  el-7bbdfa50\"><div class=\"vce-col-content\" data-vce-element-content=\"true\" data-vce-do-apply=\"padding el-7bbdfa50\"><div class=\"vce-single-image-container vce-single-image--align-left\"><div class=\"vce vce-single-image-wrapper\" id=\"el-65b205f0\" data-vce-do-apply=\"all el-65b205f0\"><figure><div class=\"vce-single-image-inner vce-single-image--absolute\" style=\"padding-bottom: 60.15625%; width: 1024px;\"><img loading=\"lazy\" decoding=\"async\" class=\"vce-single-image\" width=\"1024\" height=\"616\" src=\"https:\/\/hectorlouis.com\/wp-content\/uploads\/2025\/05\/PHOTO-2023-09-27-14-45-13-1024x616.jpg\" srcset=\"https:\/\/hectorlouis.com\/wp-content\/uploads\/2025\/05\/PHOTO-2023-09-27-14-45-13-320x193.jpg 320w,https:\/\/hectorlouis.com\/wp-content\/uploads\/2025\/05\/PHOTO-2023-09-27-14-45-13-480x289.jpg 480w,https:\/\/hectorlouis.com\/wp-content\/uploads\/2025\/05\/PHOTO-2023-09-27-14-45-13-800x481.jpg 800w,https:\/\/hectorlouis.com\/wp-content\/uploads\/2025\/05\/PHOTO-2023-09-27-14-45-13-1024x616.jpg 1024w\" data-img-src=\"https:\/\/hectorlouis.com\/wp-content\/uploads\/2023\/09\/PHOTO-2023-09-27-14-45-13.jpg\" alt=\"\" title=\"PHOTO-2023-09-27-14-45-13\" \/><\/div><figcaption hidden=\"\"><\/figcaption><\/figure><\/div><\/div><\/div><\/div><\/div><\/div><\/div><\/div>\n","protected":false},"excerpt":{"rendered":"<p>lou\u0131s cook\u0131e 135\u20ba tereya\u011fl\u0131 KRUVASAN 180\u20ba KA\u015eARLI KRUVASAN 230\u20ba \u00c7\u0130KOLATA kruvasan 230\u20ba \u00c7\u0130LEK MUZ \u00c7\u0130KOLATA KRUVASAN 300\u20ba h\u0131nd\u0131 fume SANDWIC 250\u20ba (hindi f\u00fcme&nbsp;eti,labne peynir,chedar peynir,k\u00f6zlenmi\u015f kapya biber) DANA JAMBON SANDWIC 250\u20ba (dana jambon eti,tur\u015fu,ka\u015far peynir,mayonez) bagel ha\u015fa\u015fl\u0131 230\u20ba (cheadar,ka\u015far,d.jambon,roka,\u00f6zel sos,ceviz) bagel tah\u0131ll\u0131 220\u20ba (krem peynir,tur\u015fu,petso sos cheadar,ka\u015far,dil peynir)<\/p>\n","protected":false},"author":1,"featured_media":0,"parent":0,"menu_order":0,"comment_status":"closed","ping_status":"closed","template":"","meta":{"footnotes":""},"class_list":["post-1168","page","type-page","status-publish","hentry"],"_links":{"self":[{"href":"https:\/\/hectorlouis.com\/index.php?rest_route=\/wp\/v2\/pages\/1168","targetHints":{"allow":["GET"]}}],"collection":[{"href":"https:\/\/hectorlouis.com\/index.php?rest_route=\/wp\/v2\/pages"}],"about":[{"href":"https:\/\/hectorlouis.com\/index.php?rest_route=\/wp\/v2\/types\/page"}],"author":[{"embeddable":true,"href":"https:\/\/hectorlouis.com\/index.php?rest_route=\/wp\/v2\/users\/1"}],"replies":[{"embeddable":true,"href":"https:\/\/hectorlouis.com\/index.php?rest_route=%2Fwp%2Fv2%2Fcomments&post=1168"}],"version-history":[{"count":37,"href":"https:\/\/hectorlouis.com\/index.php?rest_route=\/wp\/v2\/pages\/1168\/revisions"}],"predecessor-version":[{"id":1706,"href":"https:\/\/hectorlouis.com\/index.php?rest_route=\/wp\/v2\/pages\/1168\/revisions\/1706"}],"wp:attachment":[{"href":"https:\/\/hectorlouis.com\/index.php?rest_route=%2Fwp%2Fv2%2Fmedia&parent=1168"}],"curies":[{"name":"wp","href":"https:\/\/api.w.org\/{rel}","templated":true}]}}