{"id":1517,"date":"2024-03-28T00:43:46","date_gmt":"2024-03-28T00:43:46","guid":{"rendered":"https:\/\/hectorlouis.com\/?page_id=1517"},"modified":"2024-03-28T01:04:35","modified_gmt":"2024-03-28T01:04:35","slug":"subeler","status":"publish","type":"page","link":"https:\/\/hectorlouis.com\/?page_id=1517","title":{"rendered":"\u015eUBELER"},"content":{"rendered":"<div class=\"vce-row-container\" data-vce-boxed-width=\"true\"><div class=\"vce-row vce-row--col-gap-30 vce-row-equal-height vce-row-content--top\" id=\"el-f7c2d66e\" data-vce-do-apply=\"all el-f7c2d66e\"><div class=\"vce-row-content\" data-vce-element-content=\"true\"><div class=\"vce-col vce-col--md-auto vce-col--xs-1 vce-col--xs-last vce-col--xs-first vce-col--sm-last vce-col--sm-first vce-col--md-last vce-col--lg-last vce-col--xl-last vce-col--md-first vce-col--lg-first vce-col--xl-first\" id=\"el-b9de2a35\"><div class=\"vce-col-inner\" data-vce-do-apply=\"border margin background  el-b9de2a35\"><div class=\"vce-col-content\" data-vce-element-content=\"true\" data-vce-do-apply=\"padding el-b9de2a35\"><div class=\"vce-single-image-container vce-single-image--align-left\"><div class=\"vce vce-single-image-wrapper\" id=\"el-4662ca30\" data-vce-do-apply=\"all el-4662ca30\"><figure><div class=\"vce-single-image-inner vce-single-image--absolute vce-single-image--border-rounded\" style=\"padding-bottom: 75.488281%; width: 1024px;\"><img loading=\"lazy\" decoding=\"async\" class=\"vce-single-image\" width=\"1024\" height=\"773\" src=\"https:\/\/hectorlouis.com\/wp-content\/uploads\/2024\/03\/IMG_5567-1024x773.jpeg\" srcset=\"https:\/\/hectorlouis.com\/wp-content\/uploads\/2024\/03\/IMG_5567-320x242.jpeg 320w,https:\/\/hectorlouis.com\/wp-content\/uploads\/2024\/03\/IMG_5567-480x362.jpeg 480w,https:\/\/hectorlouis.com\/wp-content\/uploads\/2024\/03\/IMG_5567-800x604.jpeg 800w,https:\/\/hectorlouis.com\/wp-content\/uploads\/2024\/03\/IMG_5567-1024x773.jpeg 1024w\" data-img-src=\"https:\/\/hectorlouis.com\/wp-content\/uploads\/2020\/05\/IMG_5567.jpeg\" alt=\"\" title=\"IMG_5567\" \/><\/div><figcaption hidden=\"\"><\/figcaption><\/figure><\/div><\/div><\/div><\/div><\/div><\/div><\/div><\/div><div class=\"vce-row-container\" data-vce-boxed-width=\"true\"><div class=\"vce-row vce-row--col-gap-30 vce-row-equal-height vce-row-content--top\" id=\"el-c4e2b67b\" data-vce-do-apply=\"all el-c4e2b67b\"><div class=\"vce-row-content\" data-vce-element-content=\"true\"><div class=\"vce-col vce-col--md-auto vce-col--xs-1 vce-col--xs-last vce-col--xs-first vce-col--sm-last vce-col--sm-first vce-col--md-last vce-col--lg-last vce-col--xl-last vce-col--md-first vce-col--lg-first vce-col--xl-first\" id=\"el-31dadfd4\"><div class=\"vce-col-inner\" data-vce-do-apply=\"border margin background  el-31dadfd4\"><div class=\"vce-col-content\" data-vce-element-content=\"true\" data-vce-do-apply=\"padding el-31dadfd4\"><div class=\"vce-single-image-container vce-single-image--align-left\"><div class=\"vce vce-single-image-wrapper\" id=\"el-339be8aa\" data-vce-do-apply=\"all el-339be8aa\"><figure><div class=\"vce-single-image-inner vce-single-image--absolute vce-single-image--border-rounded\"><\/div><figcaption hidden=\"\"><\/figcaption><\/figure><\/div><\/div><div class=\"vce-text-block\"><div class=\"vce-text-block-wrapper vce\" id=\"el-9d5b5692\" data-vce-do-apply=\"all el-9d5b5692\"><p><strong><span style=\"font-size: 16pt;\">Hector Louis Coffee \u015ea\u015fk\u0131nbakkal \u015eubesi<\/span><\/strong><\/p>\n<p>&#x1f31f; Ho\u015f Geldiniz! &#x1f31f;<\/p>\n<p>Hector Louis Coffee \u015ea\u015fk\u0131nbakkal \u015eubesi, kahve tutkunlar\u0131 i\u00e7in \u00f6zel bir bulu\u015fma noktas\u0131d\u0131r. Butik tarz\u0131 ve samimi atmosferiyle, kahve deneyiminizi unutulmaz k\u0131lmak i\u00e7in buraday\u0131z.<\/p>\n<p>&#x1f33f; Kalite ve Tutku: \u0130lk \u015fubemiz olarak, en \u00f6zenli kahve \u00e7ekirdeklerini se\u00e7iyor ve her fincan\u0131 a\u015fkla haz\u0131rl\u0131yoruz. Her damla kahvemizde tutkumuzu ve \u00f6zg\u00fcnl\u00fc\u011f\u00fcm\u00fcz\u00fc hissedeceksiniz.<\/p>\n<p>&#x1f3e0; Butik Atmosfer: \u015ea\u015fk\u0131nbakkal&#8217;da kendinizi evinizde hissedece\u011finiz s\u0131cak bir ortam sunuyoruz. Sizleri misafir etmekten ve kahve tutkusunu payla\u015fmaktan b\u00fcy\u00fck mutluluk duyuyoruz.<\/p>\n<p>&#x1f4ac; Deneyiminizi Payla\u015f\u0131n: Sizlerden gelen geri bildirimler, bizi daha da ileriye ta\u015f\u0131yor. Deneyiminizi di\u011fer kahve severlerle payla\u015farak bize destek olabilirsiniz.<\/p>\n<p>Sizleri Hector Louis Coffee \u015ea\u015fk\u0131nbakkal \u015eubesi&#8217;nde bir fincan kahve i\u00e7meye davet ediyoruz. Unutulmaz bir kahve deneyimi i\u00e7in bizi ziyaret etmeyi unutmay\u0131n! &#x2615;&#xfe0f;&#x2728;<\/p><\/div><\/div><\/div><\/div><\/div><\/div><\/div><\/div><div class=\"vce-row-container\" data-vce-boxed-width=\"true\"><div class=\"vce-row vce-row--col-gap-30 vce-row-equal-height vce-row-content--top\" id=\"el-1737caac\" data-vce-do-apply=\"all el-1737caac\"><div class=\"vce-row-content\" data-vce-element-content=\"true\"><div class=\"vce-col vce-col--md-auto vce-col--xs-1 vce-col--xs-last vce-col--xs-first vce-col--sm-last vce-col--sm-first vce-col--md-last vce-col--lg-last vce-col--xl-last vce-col--md-first vce-col--lg-first vce-col--xl-first\" id=\"el-f889bebe\"><div class=\"vce-col-inner\" data-vce-do-apply=\"border margin background  el-f889bebe\"><div class=\"vce-col-content\" data-vce-element-content=\"true\" data-vce-do-apply=\"padding el-f889bebe\"><div class=\"vce-single-image-container vce-single-image--align-left\"><div class=\"vce vce-single-image-wrapper\" id=\"el-3ef3def3\" data-vce-do-apply=\"all el-3ef3def3\"><figure><div class=\"vce-single-image-inner vce-single-image--absolute\" style=\"padding-bottom: 66.601563%; width: 1024px;\"><img loading=\"lazy\" decoding=\"async\" class=\"vce-single-image\" width=\"1024\" height=\"682\" src=\"https:\/\/hectorlouis.com\/wp-content\/uploads\/2024\/03\/image-1024x682.jpeg\" srcset=\"https:\/\/hectorlouis.com\/wp-content\/uploads\/2024\/03\/image-320x213.jpeg 320w,https:\/\/hectorlouis.com\/wp-content\/uploads\/2024\/03\/image-480x320.jpeg 480w,https:\/\/hectorlouis.com\/wp-content\/uploads\/2024\/03\/image-800x533.jpeg 800w,https:\/\/hectorlouis.com\/wp-content\/uploads\/2024\/03\/image-1024x682.jpeg 1024w\" data-img-src=\"https:\/\/hectorlouis.com\/wp-content\/uploads\/2024\/03\/image.jpeg\" alt=\"\" title=\"image\" \/><\/div><figcaption hidden=\"\"><\/figcaption><\/figure><\/div><\/div><\/div><\/div><\/div><\/div><\/div><\/div><div class=\"vce-row-container\" data-vce-boxed-width=\"true\"><div class=\"vce-row vce-row--col-gap-30 vce-row-equal-height vce-row-content--top\" id=\"el-c44714c6\" data-vce-do-apply=\"all el-c44714c6\"><div class=\"vce-row-content\" data-vce-element-content=\"true\"><div class=\"vce-col vce-col--md-auto vce-col--xs-1 vce-col--xs-last vce-col--xs-first vce-col--sm-last vce-col--sm-first vce-col--md-last vce-col--lg-last vce-col--xl-last vce-col--md-first vce-col--lg-first vce-col--xl-first\" id=\"el-3bd01181\"><div class=\"vce-col-inner\" data-vce-do-apply=\"border margin background  el-3bd01181\"><div class=\"vce-col-content\" data-vce-element-content=\"true\" data-vce-do-apply=\"padding el-3bd01181\"><div class=\"vce-text-block\"><div class=\"vce-text-block-wrapper vce\" id=\"el-0d7839c7\" data-vce-do-apply=\"all el-0d7839c7\"><h3><strong>Hector Louis Coffee Kad\u0131k\u00f6y \u00c7ar\u015f\u0131 \u015eubesi<\/strong><\/h3><p>Hector Louis Coffee Kad\u0131k\u00f6y \u00c7ar\u015f\u0131 \u015eubesi, kahve tutkunlar\u0131 i\u00e7in e\u015fsiz bir bulu\u015fma noktas\u0131d\u0131r. \u0130lham\u0131n\u0131 ilk \u015fubemizden alan bu mekan, b\u00fcy\u00fcleyici atmosferi ve kaliteli kahvesiyle benzersiz bir deneyim sunuyor.<\/p><p>&#x1f33f; Kalite ve \u00d6zg\u00fcnl\u00fck: \u0130lk \u015fubemiz olman\u0131n gururuyla, en se\u00e7kin kahve \u00e7ekirdeklerinden \u00f6zenle haz\u0131rlad\u0131\u011f\u0131m\u0131z kahvelerimizle \u00f6ne \u00e7\u0131k\u0131yoruz. Her bir fincanda, tutkumuz ve \u00f6zg\u00fcnl\u00fc\u011f\u00fcm\u00fcz\u00fc bulacaks\u0131n\u0131z.<\/p><p>&#x1f3e0; B\u00fcy\u00fcleyici Ortam: Kad\u0131k\u00f6y \u00c7ar\u015f\u0131&#8217;da yer alan \u015fubemiz, misafirlerimize s\u0131cak ve samimi bir ortam sunuyor. Burada, kahve keyfini dostlar\u0131n\u0131zla birlikte \u00e7\u0131kar\u0131rken zaman\u0131n nas\u0131l ge\u00e7ti\u011fini anlamayacaks\u0131n\u0131z.<\/p><p>&#x1f4ac; Deneyiminizi Payla\u015f\u0131n: Bizim i\u00e7in \u00f6nemlisiniz! Deneyimlerinizi ve geri bildirimlerinizi payla\u015farak, Hector Louis Coffee ailesinin bir par\u00e7as\u0131 oldu\u011funuzu hissettirebilirsiniz.<\/p><p>Sizleri, Hector Louis Coffee Kad\u0131k\u00f6y \u00c7ar\u015f\u0131 \u015eubesi&#8217;nde unutulmaz bir kahve deneyimi ya\u015famaya davet ediyoruz. Kahve tutkunlar\u0131 i\u00e7in bu \u00f6zel mekan\u0131 ke\u015ffetmeyi unutmay\u0131n! &#x2615;&#xfe0f;&#x2728;<\/p><\/div><\/div><\/div><\/div><\/div><\/div><\/div><\/div><div class=\"vce-row-container\" data-vce-boxed-width=\"true\"><div class=\"vce-row vce-row--col-gap-30 vce-row-equal-height vce-row-content--top\" id=\"el-56592506\" data-vce-do-apply=\"all el-56592506\"><div class=\"vce-row-content\" data-vce-element-content=\"true\"><div class=\"vce-col vce-col--md-auto vce-col--xs-1 vce-col--xs-last vce-col--xs-first vce-col--sm-last vce-col--sm-first vce-col--md-last vce-col--lg-last vce-col--xl-last vce-col--md-first vce-col--lg-first vce-col--xl-first\" id=\"el-675b0732\"><div class=\"vce-col-inner\" data-vce-do-apply=\"border margin background  el-675b0732\"><div class=\"vce-col-content\" data-vce-element-content=\"true\" data-vce-do-apply=\"padding el-675b0732\"><div class=\"vce-single-image-container vce-single-image--align-left\"><div class=\"vce vce-single-image-wrapper\" id=\"el-6f560d15\" data-vce-do-apply=\"all el-6f560d15\"><figure><div class=\"vce-single-image-inner vce-single-image--absolute\" style=\"padding-bottom: 56.25%; width: 1024px;\"><img loading=\"lazy\" decoding=\"async\" class=\"vce-single-image\" width=\"1024\" height=\"576\" src=\"https:\/\/hectorlouis.com\/wp-content\/uploads\/2024\/03\/image-1024x576.png\" srcset=\"https:\/\/hectorlouis.com\/wp-content\/uploads\/2024\/03\/image-320x180.png 320w,https:\/\/hectorlouis.com\/wp-content\/uploads\/2024\/03\/image-480x270.png 480w,https:\/\/hectorlouis.com\/wp-content\/uploads\/2024\/03\/image-800x450.png 800w,https:\/\/hectorlouis.com\/wp-content\/uploads\/2024\/03\/image-1024x576.png 1024w\" data-img-src=\"https:\/\/hectorlouis.com\/wp-content\/uploads\/2024\/03\/image.png\" alt=\"\" title=\"image\" \/><\/div><figcaption hidden=\"\"><\/figcaption><\/figure><\/div><\/div><div class=\"vce-text-block\"><div class=\"vce-text-block-wrapper vce\" id=\"el-a0e023ae\" data-vce-do-apply=\"all el-a0e023ae\"><h2><strong>Hector Louis Coffee Moda \u015eubesi<\/strong><\/h2><p>Moda&#8217;n\u0131n tarih kokan sokaklar\u0131nda, kahve tutkunlar\u0131n\u0131n bulu\u015fma noktas\u0131 olan Hector Louis Coffee Moda \u015eubesi&#8217;ne ho\u015f geldiniz! \u0130lk \u015fubemiz olman\u0131n gururuyla, sizlere en \u00f6zel kahve deneyimini sunmak i\u00e7in buraday\u0131z.<\/p><p>&#x1f33f; Kalite ve \u00d6zg\u00fcnl\u00fck: Hector Louis Coffee olarak, her bir fincanda en kaliteli kahve \u00e7ekirdeklerini kullanarak \u00f6zenle haz\u0131rlad\u0131\u011f\u0131m\u0131z kahvelerimizle \u00f6ne \u00e7\u0131k\u0131yoruz. Se\u00e7kin tedarik\u00e7ilerden temin etti\u011fimiz \u00e7ekirdeklerimiz, uzman baristalar\u0131m\u0131z\u0131n elinde harmanlanarak e\u015fsiz bir lezzete d\u00f6n\u00fc\u015f\u00fcyor. Misafirlerimize sundu\u011fumuz her damla kahvede, tutkumuzu ve \u00f6zg\u00fcnl\u00fc\u011f\u00fcm\u00fcz\u00fc hissedeceksiniz.<\/p><p>&#x1f3e0; Moda&#8217;n\u0131n Canl\u0131 Atmosferi: Hector Louis Coffee Moda \u015eubesi, Moda&#8217;n\u0131n dinamik ve renkli atmosferine m\u00fckemmel bir uyum sa\u011fl\u0131yor. Tarihi dokusuyla \u00e7evrili bu mekan, s\u0131cak ve samimi bir ortam sunarak kahve keyfinizi daha da \u00f6zel k\u0131l\u0131yor. Rahat bir oturma alan\u0131, s\u0131cak i\u00e7eceklerinizi yudumlarken keyifli sohbetlerinize e\u015flik ediyor.<\/p><p>&#x1f31f; Deneyim ve Memnuniyet: Bizim i\u00e7in her m\u00fc\u015fteri de\u011ferlidir ve sizin memnuniyetiniz bizim i\u00e7in en \u00f6nemli \u00f6nceliktir. Hector Louis Coffee Moda \u015eubesi&#8217;nde sadece kahve i\u00e7mekle kalmayacak, ayn\u0131 zamanda unutulmaz bir deneyim ya\u015fayacaks\u0131n\u0131z. Deneyimlerinizi ve geri bildirimlerinizi payla\u015farak, bize katk\u0131da bulunabilir ve hizmetlerimizi her zaman daha iyiye ta\u015f\u0131mam\u0131za yard\u0131mc\u0131 olabilirsiniz.<\/p><p>Sizleri, Hector Louis Coffee Moda \u015eubesi&#8217;nde e\u015fsiz bir kahve deneyimi ya\u015famaya davet ediyoruz. Moda&#8217;n\u0131n ruhunu ve lezzetini ke\u015ffetmek i\u00e7in bizi ziyaret etmeyi unutmay\u0131n! &#x2615;&#xfe0f;&#x2728;<\/p><\/div><\/div><\/div><\/div><\/div><\/div><\/div><\/div>\n","protected":false},"excerpt":{"rendered":"<p>Hector Louis Coffee \u015ea\u015fk\u0131nbakkal \u015eubesi &#x1f31f; Ho\u015f Geldiniz! &#x1f31f; Hector Louis Coffee \u015ea\u015fk\u0131nbakkal \u015eubesi, kahve tutkunlar\u0131 i\u00e7in \u00f6zel bir bulu\u015fma noktas\u0131d\u0131r. Butik tarz\u0131 ve samimi atmosferiyle, kahve deneyiminizi unutulmaz k\u0131lmak i\u00e7in buraday\u0131z. &#x1f33f; Kalite ve Tutku: \u0130lk \u015fubemiz olarak, en \u00f6zenli kahve \u00e7ekirdeklerini se\u00e7iyor ve her fincan\u0131 a\u015fkla haz\u0131rl\u0131yoruz. Her damla kahvemizde tutkumuzu ve \u00f6zg\u00fcnl\u00fc\u011f\u00fcm\u00fcz\u00fc [&hellip;]<\/p>\n","protected":false},"author":1,"featured_media":0,"parent":0,"menu_order":0,"comment_status":"closed","ping_status":"closed","template":"","meta":{"footnotes":""},"class_list":["post-1517","page","type-page","status-publish","hentry"],"_links":{"self":[{"href":"https:\/\/hectorlouis.com\/index.php?rest_route=\/wp\/v2\/pages\/1517","targetHints":{"allow":["GET"]}}],"collection":[{"href":"https:\/\/hectorlouis.com\/index.php?rest_route=\/wp\/v2\/pages"}],"about":[{"href":"https:\/\/hectorlouis.com\/index.php?rest_route=\/wp\/v2\/types\/page"}],"author":[{"embeddable":true,"href":"https:\/\/hectorlouis.com\/index.php?rest_route=\/wp\/v2\/users\/1"}],"replies":[{"embeddable":true,"href":"https:\/\/hectorlouis.com\/index.php?rest_route=%2Fwp%2Fv2%2Fcomments&post=1517"}],"version-history":[{"count":5,"href":"https:\/\/hectorlouis.com\/index.php?rest_route=\/wp\/v2\/pages\/1517\/revisions"}],"predecessor-version":[{"id":1525,"href":"https:\/\/hectorlouis.com\/index.php?rest_route=\/wp\/v2\/pages\/1517\/revisions\/1525"}],"wp:attachment":[{"href":"https:\/\/hectorlouis.com\/index.php?rest_route=%2Fwp%2Fv2%2Fmedia&parent=1517"}],"curies":[{"name":"wp","href":"https:\/\/api.w.org\/{rel}","templated":true}]}}