{"id":632,"date":"2021-05-09T11:12:38","date_gmt":"2021-05-09T11:12:38","guid":{"rendered":"https:\/\/hectorlouis.com\/?page_id=632"},"modified":"2025-02-06T16:57:46","modified_gmt":"2025-02-06T16:57:46","slug":"homemade-cakes","status":"publish","type":"page","link":"https:\/\/hectorlouis.com\/?page_id=632","title":{"rendered":"HOMEMADE CAKES"},"content":{"rendered":"<div class=\"vce-row-container\" data-vce-boxed-width=\"true\"><div class=\"vce-row vce-element--has-background vce-row--col-gap-30 vce-row-equal-height vce-row-content--top\" id=\"el-a42276da\" data-vce-do-apply=\"all el-a42276da\"><div class=\"vce-content-background-container\"><div class=\"vce-asset-background-slider-container vce-visible-all-only vce-asset-background-slider--style-cover vce-asset-background-slider--position-center-center\"><div class=\"vce-asset-background-slider\" data-vce-assets-slider=\"8\" data-vce-assets-slider-effect=\"carousel\" data-vce-assets-slider-direction=\"left\" data-vce-assets-slider-slides=\".vce-asset-background-slider-items\" data-vce-assets-slider-slide=\".vce-asset-background-slider-item\"><div class=\"vce-asset-background-slider-items\"><div class=\"vce-asset-background-slider-item\" style=\"background-image:url(https:\/\/hectorlouis.com\/wp-content\/uploads\/2021\/05\/WhatsApp-Image-2021-05-12-at-21.44.05.jpeg)\"><\/div><div class=\"vce-asset-background-slider-item\" style=\"background-image:url(https:\/\/hectorlouis.com\/wp-content\/uploads\/2021\/05\/WhatsApp-Image-2021-05-12-at-21.44.05-1.jpeg)\"><\/div><div class=\"vce-asset-background-slider-item\" style=\"background-image:url(https:\/\/hectorlouis.com\/wp-content\/uploads\/2021\/05\/WhatsApp-Image-2021-05-12-at-21.44.04.jpeg)\"><\/div><div class=\"vce-asset-background-slider-item\" style=\"background-image:url(https:\/\/hectorlouis.com\/wp-content\/uploads\/2021\/05\/WhatsApp-Image-2021-05-12-at-21.44.10-2.jpeg)\"><\/div><div class=\"vce-asset-background-slider-item\" style=\"background-image:url(https:\/\/hectorlouis.com\/wp-content\/uploads\/2021\/05\/WhatsApp-Image-2021-05-12-at-21.44.10-1.jpeg)\"><\/div><div class=\"vce-asset-background-slider-item\" style=\"background-image:url(https:\/\/hectorlouis.com\/wp-content\/uploads\/2021\/05\/WhatsApp-Image-2021-05-12-at-21.44.09.jpeg)\"><\/div><div class=\"vce-asset-background-slider-item\" style=\"background-image:url(https:\/\/hectorlouis.com\/wp-content\/uploads\/2021\/05\/WhatsApp-Image-2021-05-12-at-21.44.08.jpeg)\"><\/div><div class=\"vce-asset-background-slider-item\" style=\"background-image:url(https:\/\/hectorlouis.com\/wp-content\/uploads\/2021\/05\/WhatsApp-Image-2021-05-12-at-21.44.08-1.jpeg)\"><\/div><div class=\"vce-asset-background-slider-item\" style=\"background-image:url(https:\/\/hectorlouis.com\/wp-content\/uploads\/2021\/05\/WhatsApp-Image-2021-05-12-at-21.44.07.jpeg)\"><\/div><div class=\"vce-asset-background-slider-item\" style=\"background-image:url(https:\/\/hectorlouis.com\/wp-content\/uploads\/2021\/05\/WhatsApp-Image-2021-05-12-at-21.44.07-1.jpeg)\"><\/div><\/div><\/div><\/div><div class=\"vce-asset-color-gradient-container vce-visible-all-only\" data-vce-do-apply=\"gradient el-a42276da\"><\/div><\/div><div class=\"vce-row-content\" data-vce-element-content=\"true\"><div class=\"vce-col vce-col--md-auto vce-col--xs-1 vce-col--xs-last vce-col--xs-first vce-col--sm-last vce-col--sm-first vce-col--md-last vce-col--lg-last vce-col--xl-last vce-col--md-first vce-col--lg-first vce-col--xl-first\" id=\"el-e844398a\"><div class=\"vce-col-inner\" data-vce-do-apply=\"border margin background  el-e844398a\"><div class=\"vce-col-content\" data-vce-element-content=\"true\" data-vce-do-apply=\"padding el-e844398a\"><div class=\"vce-text-block\"><div class=\"vce-text-block-wrapper vce\" id=\"el-879de026\" data-vce-do-apply=\"all el-879de026\"><p><span style=\"font-size: 16pt; color: #ffffff;\"><strong><span style=\"font-family: 'Spectral SC'; font-style: normal;\">SPEC\u0130AL PASTALAR 240-350\u20ba&nbsp;<\/span><\/strong><\/span><\/p>\n<p><span style=\"font-size: 18pt; color: #ffffff;\">(G\u00fcnl\u00fck tatl\u0131lar i\u00e7in bilgi al\u0131n\u0131z..)<\/span><\/p>\n<p><span style=\"color: #ffffff;\"><span style=\"font-size: 18pt;\"><strong><span style=\"font-family: 'Spectral SC'; font-style: normal;\">SAN SEBAST\u0130AN&nbsp;<\/span><\/strong><\/span><\/span><\/p>\n<p><span style=\"font-size: 18pt; color: #ffffff;\"><strong><span style=\"font-family: 'Spectral SC'; font-style: normal;\">Lotus cheesecake <\/span><\/strong><\/span><\/p>\n<p><span style=\"font-size: 18pt; color: #ffffff;\"><strong><span style=\"font-family: 'Spectral SC'; font-style: normal;\">oreo cheesecake <\/span><\/strong><\/span><\/p>\n<p><span style=\"font-size: 18pt; color: #ffffff;\"><strong><span style=\"font-family: 'Spectral SC'; font-style: normal;\">coco wh\u0131te cheese<\/span><\/strong><\/span><\/p>\n<p><span style=\"font-size: 18pt; color: #ffffff;\"><strong><span style=\"font-family: 'Spectral SC'; font-style: normal;\">tramisu cup<\/span><\/strong><\/span><\/p>\n<p><span style=\"font-size: 18pt; color: #ffffff;\"><strong><span style=\"font-family: 'Spectral SC'; font-style: normal;\">cherry pie <\/span><\/strong><\/span><\/p>\n<p><span style=\"font-size: 18pt; color: #ffffff;\"><strong><span style=\"font-family: 'Spectral SC'; font-style: normal;\">apple p\u0131e <\/span><\/strong><\/span><\/p>\n<p><span style=\"font-size: 18pt; color: #ffffff;\"><strong><span style=\"font-family: 'Spectral SC'; font-style: normal;\">magnol\u0131a cup<\/span><\/strong><\/span><\/p>\n<p><span style=\"font-size: 18pt; color: #ffffff;\"><strong><span style=\"font-family: 'Spectral SC'; font-style: normal;\">cookies<\/span><\/strong><\/span><\/p>\n<p><span style=\"color: #ffffff;\"><span style=\"font-size: 18pt;\"><strong><span style=\"font-family: 'Spectral SC'; font-style: normal;\"> extra&nbsp;<\/span><\/strong><\/span><span style=\"font-family: Spectral SC; font-size: x-large;\"><strong>vanilya dondurma(30 tl)<\/strong><\/span><\/span><\/p><\/div><\/div><\/div><\/div><\/div><\/div><\/div><\/div>\n","protected":false},"excerpt":{"rendered":"<p>SPEC\u0130AL PASTALAR 240-350\u20ba&nbsp; (G\u00fcnl\u00fck tatl\u0131lar i\u00e7in bilgi al\u0131n\u0131z..) SAN SEBAST\u0130AN&nbsp; Lotus cheesecake oreo cheesecake coco wh\u0131te cheese tramisu cup cherry pie apple p\u0131e magnol\u0131a cup cookies extra&nbsp;vanilya dondurma(30 tl)<\/p>\n","protected":false},"author":1,"featured_media":598,"parent":0,"menu_order":0,"comment_status":"closed","ping_status":"closed","template":"","meta":{"footnotes":""},"class_list":["post-632","page","type-page","status-publish","has-post-thumbnail","hentry"],"_links":{"self":[{"href":"https:\/\/hectorlouis.com\/index.php?rest_route=\/wp\/v2\/pages\/632","targetHints":{"allow":["GET"]}}],"collection":[{"href":"https:\/\/hectorlouis.com\/index.php?rest_route=\/wp\/v2\/pages"}],"about":[{"href":"https:\/\/hectorlouis.com\/index.php?rest_route=\/wp\/v2\/types\/page"}],"author":[{"embeddable":true,"href":"https:\/\/hectorlouis.com\/index.php?rest_route=\/wp\/v2\/users\/1"}],"replies":[{"embeddable":true,"href":"https:\/\/hectorlouis.com\/index.php?rest_route=%2Fwp%2Fv2%2Fcomments&post=632"}],"version-history":[{"count":61,"href":"https:\/\/hectorlouis.com\/index.php?rest_route=\/wp\/v2\/pages\/632\/revisions"}],"predecessor-version":[{"id":1689,"href":"https:\/\/hectorlouis.com\/index.php?rest_route=\/wp\/v2\/pages\/632\/revisions\/1689"}],"wp:featuredmedia":[{"embeddable":true,"href":"https:\/\/hectorlouis.com\/index.php?rest_route=\/wp\/v2\/media\/598"}],"wp:attachment":[{"href":"https:\/\/hectorlouis.com\/index.php?rest_route=%2Fwp%2Fv2%2Fmedia&parent=632"}],"curies":[{"name":"wp","href":"https:\/\/api.w.org\/{rel}","templated":true}]}}