{"id":660,"date":"2021-05-09T11:25:45","date_gmt":"2021-05-09T11:25:45","guid":{"rendered":"https:\/\/hectorlouis.com\/?page_id=660"},"modified":"2025-05-03T05:05:48","modified_gmt":"2025-05-03T05:05:48","slug":"cekirdek-kahveler","status":"publish","type":"page","link":"https:\/\/hectorlouis.com\/?page_id=660","title":{"rendered":"\u00c7EK\u0130RDEK KAHVELER"},"content":{"rendered":"<div class=\"vce-row-container\" data-vce-boxed-width=\"true\"><div class=\"vce-row vce-row--has-col-background vce-row--col-gap-30 vce-row-equal-height vce-row-content--top\" id=\"el-3cc5a075\" data-vce-do-apply=\"all el-3cc5a075\"><div class=\"vce-row-content\" data-vce-element-content=\"true\"><div class=\"vce-col vce-element--has-background vce-col--md-auto vce-col--xs-1 vce-col--xs-last vce-col--xs-first vce-col--sm-last vce-col--sm-first vce-col--md-last vce-col--lg-last vce-col--xl-last vce-col--md-first vce-col--lg-first vce-col--xl-first\" id=\"el-95371037\"><div class=\"vce-col-inner\" data-vce-do-apply=\"border margin background  el-95371037\"><div class=\"vce-content-background-container\"><div class=\"vce-asset-background-slider-container vce-visible-all-only vce-asset-background-slider--style-cover vce-asset-background-slider--position-center-center\"><div class=\"vce-asset-background-slider\" data-vce-assets-slider=\"10\" data-vce-assets-slider-effect=\"carousel\" data-vce-assets-slider-slides=\".vce-asset-background-slider-items\" data-vce-assets-slider-slide=\".vce-asset-background-slider-item\"><div class=\"vce-asset-background-slider-items\"><div class=\"vce-asset-background-slider-item\" style=\"background-image:url(https:\/\/hectorlouis.com\/wp-content\/uploads\/2021\/05\/WhatsApp-Image-2021-05-15-at-14.26.24.jpeg)\"><\/div><div class=\"vce-asset-background-slider-item\" style=\"background-image:url(https:\/\/hectorlouis.com\/wp-content\/uploads\/2021\/05\/WhatsApp-Image-2021-05-15-at-14.30.06.jpeg)\"><\/div><div class=\"vce-asset-background-slider-item\" style=\"background-image:url(https:\/\/hectorlouis.com\/wp-content\/uploads\/2021\/05\/WhatsApp-Image-2021-05-15-at-14.33.27.jpeg)\"><\/div><div class=\"vce-asset-background-slider-item\" style=\"background-image:url(https:\/\/hectorlouis.com\/wp-content\/uploads\/2021\/05\/WhatsApp-Image-2021-05-15-at-14.33.28.jpeg)\"><\/div><\/div><\/div><\/div><\/div><div class=\"vce-col-content\" data-vce-element-content=\"true\" data-vce-do-apply=\"padding el-95371037\"><div class=\"vce-text-block\"><div class=\"vce-text-block-wrapper vce\" id=\"el-49902c81\" data-vce-do-apply=\"all el-49902c81\"><p><span style=\"font-family: inherit; color: #ffffff;\">COLOMBIA SUPREMA&nbsp; 250gr &nbsp; 500\u20ba<\/span><br><span style=\"font-family: inherit; color: #ffffff;\">(Y\u00fcksek asitide yo\u011fun g\u00f6vde karamelize ve \u00e7ikolata tatlar\u0131)<\/span><\/p>\n<p><span style=\"font-family: inherit; color: #ffffff;\">COSTARICA TARRAZU&nbsp; 250gr &nbsp;500\u20ba<\/span><br><span style=\"font-family: inherit; color: #ffffff;\">(Kadifemsi yumu\u015fakl\u0131k f\u0131nd\u0131k \u00e7ikolata karamel gibi tatlar)<\/span><\/p>\n<p><span style=\"font-family: inherit; color: #ffffff;\">ETH\u0130OP\u0130A S\u0130DAMO&nbsp; &nbsp; 250gr &nbsp;500\u20ba<\/span><br><span style=\"font-family: inherit; color: #ffffff;\">(L\u0131me a\u011f\u0131rl\u0131kl\u0131 turun\u00e7giller topraks\u0131 zengin aromalar..)<\/span><\/p>\n<p><span style=\"font-family: inherit; color: #ffffff;\">BRASIL SANTOS&nbsp; &nbsp; 250gr &nbsp;500\u20ba<\/span><br><span style=\"font-family: inherit; color: #ffffff;\">(Kakoa karamel meyvemsi tatlar orta i\u00e7imli..)<\/span><\/p>\n<p><span style=\"font-family: inherit; color: #ffffff;\">EL SALVADOR&nbsp; 250gr &nbsp;500\u20ba<\/span><br><span style=\"font-family: inherit; color: #ffffff;\">(Turun\u00e7gil ek\u015fimtrak aromalar\u0131 yumu\u015fak i\u00e7imli..)<\/span><\/p>\n<p><span style=\"font-family: inherit; color: #ffffff;\">HONDURAS&nbsp; 250gr &nbsp;500\u20ba<\/span><br><span style=\"font-family: inherit; color: #ffffff;\">(F\u0131nd\u0131k,badem ve \u00e7ikolata aromalar\u0131 zengin ve yo\u011fun i\u00e7imli..)<\/span><\/p>\n<p><span style=\"font-family: inherit; color: #ffffff;\">KENYA AA&nbsp; &nbsp; 250gr &nbsp;500\u20ba<\/span><br><span style=\"font-family: inherit; color: #ffffff;\">(Keskin asitide meyvemsi tatlar yumu\u015fak i\u00e7imli..)<\/span><\/p>\n<p><span style=\"font-family: inherit; color: #ffffff;\">GUATEMALA&nbsp; 250gr &nbsp;500\u20ba<\/span><br><span style=\"font-family: inherit; color: #ffffff;\">(Baharat tatlar\u0131 t\u00fcts\u00fclenmi\u015f karamelize ve \u00e7ikolata aromas\u0131..)<\/span><\/p><\/div><\/div><\/div><\/div><\/div><\/div><\/div><\/div>\n","protected":false},"excerpt":{"rendered":"<p>COLOMBIA SUPREMA&nbsp; 250gr &nbsp; 500\u20ba(Y\u00fcksek asitide yo\u011fun g\u00f6vde karamelize ve \u00e7ikolata tatlar\u0131) COSTARICA TARRAZU&nbsp; 250gr &nbsp;500\u20ba(Kadifemsi yumu\u015fakl\u0131k f\u0131nd\u0131k \u00e7ikolata karamel gibi tatlar) ETH\u0130OP\u0130A S\u0130DAMO&nbsp; &nbsp; 250gr &nbsp;500\u20ba(L\u0131me a\u011f\u0131rl\u0131kl\u0131 turun\u00e7giller topraks\u0131 zengin aromalar..) BRASIL SANTOS&nbsp; &nbsp; 250gr &nbsp;500\u20ba(Kakoa karamel meyvemsi tatlar orta i\u00e7imli..) EL SALVADOR&nbsp; 250gr &nbsp;500\u20ba(Turun\u00e7gil ek\u015fimtrak aromalar\u0131 yumu\u015fak i\u00e7imli..) HONDURAS&nbsp; 250gr &nbsp;500\u20ba(F\u0131nd\u0131k,badem ve \u00e7ikolata [&hellip;]<\/p>\n","protected":false},"author":1,"featured_media":395,"parent":0,"menu_order":0,"comment_status":"closed","ping_status":"closed","template":"","meta":{"footnotes":""},"class_list":["post-660","page","type-page","status-publish","has-post-thumbnail","hentry"],"_links":{"self":[{"href":"https:\/\/hectorlouis.com\/index.php?rest_route=\/wp\/v2\/pages\/660","targetHints":{"allow":["GET"]}}],"collection":[{"href":"https:\/\/hectorlouis.com\/index.php?rest_route=\/wp\/v2\/pages"}],"about":[{"href":"https:\/\/hectorlouis.com\/index.php?rest_route=\/wp\/v2\/types\/page"}],"author":[{"embeddable":true,"href":"https:\/\/hectorlouis.com\/index.php?rest_route=\/wp\/v2\/users\/1"}],"replies":[{"embeddable":true,"href":"https:\/\/hectorlouis.com\/index.php?rest_route=%2Fwp%2Fv2%2Fcomments&post=660"}],"version-history":[{"count":18,"href":"https:\/\/hectorlouis.com\/index.php?rest_route=\/wp\/v2\/pages\/660\/revisions"}],"predecessor-version":[{"id":1705,"href":"https:\/\/hectorlouis.com\/index.php?rest_route=\/wp\/v2\/pages\/660\/revisions\/1705"}],"wp:featuredmedia":[{"embeddable":true,"href":"https:\/\/hectorlouis.com\/index.php?rest_route=\/wp\/v2\/media\/395"}],"wp:attachment":[{"href":"https:\/\/hectorlouis.com\/index.php?rest_route=%2Fwp%2Fv2%2Fmedia&parent=660"}],"curies":[{"name":"wp","href":"https:\/\/api.w.org\/{rel}","templated":true}]}}